{"id":1238,"date":"2025-09-19T15:56:41","date_gmt":"2025-09-19T15:56:41","guid":{"rendered":"https:\/\/suninsuranceservices.com\/?page_id=1238"},"modified":"2025-10-22T13:44:50","modified_gmt":"2025-10-22T13:44:50","slug":"blog","status":"publish","type":"page","link":"https:\/\/suninsuranceservices.com\/es\/blog\/","title":{"rendered":"Bright Ideas from Sun Insurance | Articles &amp; Info About Insurance in Florida"},"content":{"rendered":"<h2 class=\"wp-block-heading has-text-align-center\">Aclarando todo lo relacionado con los seguros<\/h2>\n\n\n\n<div style=\"height:20px\" aria-hidden=\"true\" class=\"wp-block-spacer\"><\/div>\n\n\n\n<hr class=\"wp-block-separator has-alpha-channel-opacity\"\/>\n\n\n\n<div style=\"height:21px\" aria-hidden=\"true\" class=\"wp-block-spacer\"><\/div>\n\n\n<div class=\"wp-block-coblocks-posts is-style-stacked\"><div class=\"wp-block-coblocks-posts__inner has-columns has-3-columns has-responsive-columns has-sixteen-to-nine-image has-large-gutter\"><div class=\"wp-block-coblocks-posts__item\"><div class=\"wp-block-coblocks-posts__content flex-start\"><time datetime=\"\" class=\"wp-block-coblocks-posts__date\">11 de marzo de 2026<\/time><a href=\"https:\/\/suninsuranceservices.com\/es\/whos-driving-your-car-florida-auto-insurance-and-household-driver-disclosure\/\" alt=\"Who\u2019s Driving Your Car? Florida Auto Insurance and Household Driver Disclosure\">\u00bfQui\u00e9n conduce su auto? Seguro de auto en Florida y declaraci\u00f3n de responsabilidad civil para conductores de hogares<\/a><\/div><\/div><div class=\"wp-block-coblocks-posts__item\"><div class=\"wp-block-coblocks-posts__image\"><a href=\"https:\/\/suninsuranceservices.com\/es\/recreational-vehicle-insurance-e-bikes-golf-carts-more\/\" class=\"bg-cover bg-center-center\" style=\"background-image:url(https:\/\/suninsuranceservices.com\/wp-content\/uploads\/insurance-for-e-bikes-in-florida.png)\"><\/a><\/div><div class=\"wp-block-coblocks-posts__content\"><time datetime=\"\" class=\"wp-block-coblocks-posts__date\">27 de enero de 2026<\/time><a href=\"https:\/\/suninsuranceservices.com\/es\/recreational-vehicle-insurance-e-bikes-golf-carts-more\/\" alt=\"Recreational Vehicle Insurance: E-Bikes, Golf Carts &#038; More\">Seguro para veh\u00edculos recreativos: bicicletas el\u00e9ctricas, carritos de golf y m\u00e1s<\/a><\/div><\/div><div class=\"wp-block-coblocks-posts__item\"><div class=\"wp-block-coblocks-posts__image\"><a href=\"https:\/\/suninsuranceservices.com\/es\/uninsured-motorist-coverage-in-florida-why-it-matters\/\" class=\"bg-cover bg-center-center\" style=\"background-image:url(https:\/\/suninsuranceservices.com\/wp-content\/uploads\/qtq80-C6aLSm.jpeg)\"><\/a><\/div><div class=\"wp-block-coblocks-posts__content\"><time datetime=\"\" class=\"wp-block-coblocks-posts__date\">13 de enero de 2026<\/time><a href=\"https:\/\/suninsuranceservices.com\/es\/uninsured-motorist-coverage-in-florida-why-it-matters\/\" alt=\"Uninsured Motorist Coverage in Florida: Why It Matters\">Cobertura para conductores sin seguro en Florida: Por qu\u00e9 es importante<\/a><\/div><\/div><div class=\"wp-block-coblocks-posts__item\"><div class=\"wp-block-coblocks-posts__image\"><a href=\"https:\/\/suninsuranceservices.com\/es\/florida-home-insurance-in-late-2025-what-homeowners-should-expect-going-into-2026\/\" class=\"bg-cover bg-center-center\" style=\"background-image:url(https:\/\/suninsuranceservices.com\/wp-content\/uploads\/qtq80-3Ag8k5.jpeg)\"><\/a><\/div><div class=\"wp-block-coblocks-posts__content\"><time datetime=\"\" class=\"wp-block-coblocks-posts__date\">25 de noviembre de 2025<\/time><a href=\"https:\/\/suninsuranceservices.com\/es\/florida-home-insurance-in-late-2025-what-homeowners-should-expect-going-into-2026\/\" alt=\"Florida Home Insurance in Late 2025: What Homeowners Should Expect Going Into 2026\">Seguro de vivienda en Florida a finales de 2025: Qu\u00e9 deben esperar los propietarios de viviendas al comenzar 2026<\/a><\/div><\/div><div class=\"wp-block-coblocks-posts__item\"><div class=\"wp-block-coblocks-posts__image\"><a href=\"https:\/\/suninsuranceservices.com\/es\/what-citizens-takeout-means-for-your-home-insurance-in-2026\/\" class=\"bg-cover bg-center-center\" style=\"background-image:url(https:\/\/suninsuranceservices.com\/wp-content\/uploads\/qtq80-YDGDN8.jpeg)\"><\/a><\/div><div class=\"wp-block-coblocks-posts__content\"><time datetime=\"\" class=\"wp-block-coblocks-posts__date\">21 de noviembre de 2025<\/time><a href=\"https:\/\/suninsuranceservices.com\/es\/what-citizens-takeout-means-for-your-home-insurance-in-2026\/\" alt=\"What Citizens Takeout Means for Your Home Insurance in 2026\">Qu\u00e9 significa Citizens Takeout para tu seguro de hogar en 2026<\/a><\/div><\/div><div class=\"wp-block-coblocks-posts__item\"><div class=\"wp-block-coblocks-posts__image\"><a href=\"https:\/\/suninsuranceservices.com\/es\/progressive-florida-rebates-what-policyholders-should-know\/\" class=\"bg-cover bg-center-center\" style=\"background-image:url(https:\/\/suninsuranceservices.com\/wp-content\/uploads\/progressive-discounts-in-florida.png)\"><\/a><\/div><div class=\"wp-block-coblocks-posts__content\"><time datetime=\"\" class=\"wp-block-coblocks-posts__date\">20 de noviembre de 2025<\/time><a href=\"https:\/\/suninsuranceservices.com\/es\/progressive-florida-rebates-what-policyholders-should-know\/\" alt=\"Progressive Florida Rebates: What Policyholders Should Know\">Reembolsos progresivos en Florida: Lo que los asegurados deben saber<\/a><\/div><\/div><div class=\"wp-block-coblocks-posts__item\"><div class=\"wp-block-coblocks-posts__image\"><a href=\"https:\/\/suninsuranceservices.com\/es\/recent-florida-insurance-penalties-what-you-need-to-know\/\" class=\"bg-cover bg-center-center\" style=\"background-image:url(https:\/\/suninsuranceservices.com\/wp-content\/uploads\/pulte-home-davenport-florida.png)\"><\/a><\/div><div class=\"wp-block-coblocks-posts__content\"><time datetime=\"\" class=\"wp-block-coblocks-posts__date\">6 de noviembre de 2025<\/time><a href=\"https:\/\/suninsuranceservices.com\/es\/recent-florida-insurance-penalties-what-you-need-to-know\/\" alt=\"Recent Florida Insurance Penalties: What You Need to Know\">Sanciones recientes en seguros de Florida: Lo que necesita saber<\/a><\/div><\/div><div class=\"wp-block-coblocks-posts__item\"><div class=\"wp-block-coblocks-posts__image\"><a href=\"https:\/\/suninsuranceservices.com\/es\/home-insurance-in-greater-davenport-fl-polk-county-championsgate-guide\/\" class=\"bg-cover bg-center-center\" style=\"background-image:url(https:\/\/suninsuranceservices.com\/wp-content\/uploads\/guide-to-home-insurance-in-davenport-florida.png)\"><\/a><\/div><div class=\"wp-block-coblocks-posts__content\"><time datetime=\"\" class=\"wp-block-coblocks-posts__date\">27 de octubre de 2025<\/time><a href=\"https:\/\/suninsuranceservices.com\/es\/home-insurance-in-greater-davenport-fl-polk-county-championsgate-guide\/\" alt=\"Home Insurance in Greater Davenport, FL (Polk County) \u2013 ChampionsGate Guide\">Seguro de hogar en el \u00e1rea metropolitana de Davenport, Florida (condado de Polk) \u2013 Gu\u00eda ChampionsGate<\/a><\/div><\/div><div class=\"wp-block-coblocks-posts__item\"><div class=\"wp-block-coblocks-posts__image\"><a href=\"https:\/\/suninsuranceservices.com\/es\/plumbing-insurance-for-florida-contractors-full-guide\/\" class=\"bg-cover bg-center-center\" style=\"background-image:url(https:\/\/suninsuranceservices.com\/wp-content\/uploads\/plumbing-insurance-in-florida.png)\"><\/a><\/div><div class=\"wp-block-coblocks-posts__content\"><time datetime=\"\" class=\"wp-block-coblocks-posts__date\">22 de octubre de 2025<\/time><a href=\"https:\/\/suninsuranceservices.com\/es\/plumbing-insurance-for-florida-contractors-full-guide\/\" alt=\"Plumbing Insurance for Florida Contractors: Full Guide\">Seguro de plomer\u00eda para contratistas de Florida: Gu\u00eda completa<\/a><\/div><\/div><div class=\"wp-block-coblocks-posts__item\"><div class=\"wp-block-coblocks-posts__image\"><a href=\"https:\/\/suninsuranceservices.com\/es\/new-insurance-options-in-florida-what-homeowners-need-to-know-in-2025\/\" class=\"bg-cover bg-center-center\" style=\"background-image:url(https:\/\/suninsuranceservices.com\/wp-content\/uploads\/5.5-1-Ratio-for-Page-Headers.png)\"><\/a><\/div><div class=\"wp-block-coblocks-posts__content\"><time datetime=\"\" class=\"wp-block-coblocks-posts__date\">18 de octubre de 2025<\/time><a href=\"https:\/\/suninsuranceservices.com\/es\/new-insurance-options-in-florida-what-homeowners-need-to-know-in-2025\/\" alt=\"New Insurance Options in Florida: What Homeowners Need to Know in 2025\">Nuevas opciones de seguros en Florida: Lo que los propietarios deben saber en 2025<\/a><\/div><\/div><div class=\"wp-block-coblocks-posts__item\"><div class=\"wp-block-coblocks-posts__image\"><a href=\"https:\/\/suninsuranceservices.com\/es\/ai-in-insurance-how-technology-is-changing-coverage-in-florida\/\" class=\"bg-cover bg-center-center\" style=\"background-image:url(https:\/\/suninsuranceservices.com\/wp-content\/uploads\/qtq80-Tb0i1v.jpeg)\"><\/a><\/div><div class=\"wp-block-coblocks-posts__content\"><time datetime=\"\" class=\"wp-block-coblocks-posts__date\">15 de octubre de 2025<\/time><a href=\"https:\/\/suninsuranceservices.com\/es\/ai-in-insurance-how-technology-is-changing-coverage-in-florida\/\" alt=\"AI in Insurance: How Technology Is Changing Coverage in Florida\">IA en seguros: c\u00f3mo la tecnolog\u00eda est\u00e1 cambiando la cobertura en Florida<\/a><\/div><\/div><div class=\"wp-block-coblocks-posts__item\"><div class=\"wp-block-coblocks-posts__image\"><a href=\"https:\/\/suninsuranceservices.com\/es\/how-to-afford-car-insurance-in-florida-smart-strategies\/\" class=\"bg-cover bg-center-center\" style=\"background-image:url(https:\/\/suninsuranceservices.com\/wp-content\/uploads\/auto-insurance-1.png)\"><\/a><\/div><div class=\"wp-block-coblocks-posts__content\"><time datetime=\"\" class=\"wp-block-coblocks-posts__date\">14 de octubre de 2025<\/time><a href=\"https:\/\/suninsuranceservices.com\/es\/how-to-afford-car-insurance-in-florida-smart-strategies\/\" alt=\"How to Afford Car Insurance in Florida: Smart Strategies\">C\u00f3mo pagar un seguro de auto en Florida: Estrategias inteligentes<\/a><\/div><\/div><div class=\"wp-block-coblocks-posts__item\"><div class=\"wp-block-coblocks-posts__image\"><a href=\"https:\/\/suninsuranceservices.com\/es\/florida-homeowners\/\" class=\"bg-cover bg-center-center\" style=\"background-image:url(https:\/\/suninsuranceservices.com\/wp-content\/uploads\/qtq80-F42dHV.jpeg)\"><\/a><\/div><div class=\"wp-block-coblocks-posts__content\"><time datetime=\"\" class=\"wp-block-coblocks-posts__date\">13 de octubre de 2025<\/time><a href=\"https:\/\/suninsuranceservices.com\/es\/florida-homeowners\/\" alt=\"Florida Homeowners Windstorm Mitigation: Lower Your Insurance by 10\u201345%+\">Mitigaci\u00f3n de tormentas de viento para propietarios de viviendas en Florida: reduzca su seguro en un 10%\u201345%+<\/a><\/div><\/div><div class=\"wp-block-coblocks-posts__item\"><div class=\"wp-block-coblocks-posts__image\"><a href=\"https:\/\/suninsuranceservices.com\/es\/workers-compensation-insurance-for-hvac-contractors-in-florida\/\" class=\"bg-cover bg-center-center\" style=\"background-image:url(https:\/\/suninsuranceservices.com\/wp-content\/uploads\/blog-headers.png)\"><\/a><\/div><div class=\"wp-block-coblocks-posts__content\"><time datetime=\"\" class=\"wp-block-coblocks-posts__date\">12 de octubre de 2025<\/time><a href=\"https:\/\/suninsuranceservices.com\/es\/workers-compensation-insurance-for-hvac-contractors-in-florida\/\" alt=\"Workers\u2019 Compensation Insurance for HVAC Contractors in Florida\">Seguro de compensaci\u00f3n laboral para contratistas de HVAC en Florida<\/a><\/div><\/div><div class=\"wp-block-coblocks-posts__item\"><div class=\"wp-block-coblocks-posts__image\"><a href=\"https:\/\/suninsuranceservices.com\/es\/does-your-auto-insurance-cover-flood-damage-a-complete-guide-for-florida-drivers\/\" class=\"bg-cover bg-center-center\" style=\"background-image:url(https:\/\/suninsuranceservices.com\/wp-content\/uploads\/flood.jpg)\"><\/a><\/div><div class=\"wp-block-coblocks-posts__content\"><time datetime=\"\" class=\"wp-block-coblocks-posts__date\">9 de octubre de 2025<\/time><a href=\"https:\/\/suninsuranceservices.com\/es\/does-your-auto-insurance-cover-flood-damage-a-complete-guide-for-florida-drivers\/\" alt=\"Does Your Auto Insurance Cover Flood Damage? A Complete Guide for Florida Drivers\">\u00bfSu seguro de auto cubre da\u00f1os por inundaci\u00f3n? Una gu\u00eda completa para conductores de Florida<\/a><\/div><\/div><div class=\"wp-block-coblocks-posts__item\"><div class=\"wp-block-coblocks-posts__image\"><a href=\"https:\/\/suninsuranceservices.com\/es\/how-to-maximize-your-savings-when-florida-homeowners-insurance-rates-drop\/\" class=\"bg-cover bg-center-center\" style=\"background-image:url(https:\/\/suninsuranceservices.com\/wp-content\/uploads\/florida-home-insurance-rate-decrease-sun-insurance-services.jpeg)\"><\/a><\/div><div class=\"wp-block-coblocks-posts__content\"><time datetime=\"\" class=\"wp-block-coblocks-posts__date\">7 de octubre de 2025<\/time><a href=\"https:\/\/suninsuranceservices.com\/es\/how-to-maximize-your-savings-when-florida-homeowners-insurance-rates-drop\/\" alt=\"How to Maximize Your Savings When Florida Homeowners Insurance Rates Drop\">C\u00f3mo maximizar sus ahorros cuando bajan las tarifas del seguro de vivienda en Florida<\/a><\/div><\/div><div class=\"wp-block-coblocks-posts__item\"><div class=\"wp-block-coblocks-posts__image\"><a href=\"https:\/\/suninsuranceservices.com\/es\/making-sense-of-floridas-insurance-crisis-what-a-former-lawmaker-really-means\/\" class=\"bg-cover bg-center-center\" style=\"background-image:url(https:\/\/suninsuranceservices.com\/wp-content\/uploads\/florida-insurance-crisis-explained-sun-insurance-services.jpeg)\"><\/a><\/div><div class=\"wp-block-coblocks-posts__content\"><time datetime=\"\" class=\"wp-block-coblocks-posts__date\">6 de octubre de 2025<\/time><a href=\"https:\/\/suninsuranceservices.com\/es\/making-sense-of-floridas-insurance-crisis-what-a-former-lawmaker-really-means\/\" alt=\"Making Sense of Florida&#8217;s Insurance Crisis: What a Former Lawmaker Really Means\">Entendiendo la crisis de seguros de Florida: Qu\u00e9 significa realmente un exlegislador<\/a><\/div><\/div><div class=\"wp-block-coblocks-posts__item\"><div class=\"wp-block-coblocks-posts__image\"><a href=\"https:\/\/suninsuranceservices.com\/es\/nfip-shutdown-how-florida-homeowners-can-navigate-coverage-gaps\/\" class=\"bg-cover bg-center-center\" style=\"background-image:url(https:\/\/suninsuranceservices.com\/wp-content\/uploads\/flood-insurance.png)\"><\/a><\/div><div class=\"wp-block-coblocks-posts__content\"><time datetime=\"\" class=\"wp-block-coblocks-posts__date\">2 de octubre de 2025<\/time><a href=\"https:\/\/suninsuranceservices.com\/es\/nfip-shutdown-how-florida-homeowners-can-navigate-coverage-gaps\/\" alt=\"NFIP Shutdown: How Florida Homeowners Can Navigate Coverage Gaps\">Cierre del NFIP: C\u00f3mo los propietarios de viviendas de Florida pueden sortear las brechas de cobertura<\/a><\/div><\/div><div class=\"wp-block-coblocks-posts__item\"><div class=\"wp-block-coblocks-posts__image\"><a href=\"https:\/\/suninsuranceservices.com\/es\/workers-compensation-insurance-for-roofers-and-small-trade-contractors-in-florida-what-you-need-to-know\/\" class=\"bg-cover bg-center-center\" style=\"background-image:url(https:\/\/suninsuranceservices.com\/wp-content\/uploads\/sun-insurance-business-insurance.jpeg)\"><\/a><\/div><div class=\"wp-block-coblocks-posts__content\"><time datetime=\"\" class=\"wp-block-coblocks-posts__date\">1 de octubre de 2025<\/time><a href=\"https:\/\/suninsuranceservices.com\/es\/workers-compensation-insurance-for-roofers-and-small-trade-contractors-in-florida-what-you-need-to-know\/\" alt=\"Workers\u2019 Compensation Insurance for Roofers and Small Trade Contractors in Florida: What You Need to Know\">Seguro de compensaci\u00f3n laboral para techadores y peque\u00f1os contratistas en Florida: Lo que necesita saber<\/a><\/div><\/div><div class=\"wp-block-coblocks-posts__item\"><div class=\"wp-block-coblocks-posts__image\"><a href=\"https:\/\/suninsuranceservices.com\/es\/understanding-workers-compensation-costs-in-florida-a-business-guide\/\" class=\"bg-cover bg-center-center\" style=\"background-image:url(https:\/\/suninsuranceservices.com\/wp-content\/uploads\/workers-comp.jpeg)\"><\/a><\/div><div class=\"wp-block-coblocks-posts__content\"><time datetime=\"\" class=\"wp-block-coblocks-posts__date\">1 de octubre de 2025<\/time><a href=\"https:\/\/suninsuranceservices.com\/es\/understanding-workers-compensation-costs-in-florida-a-business-guide\/\" alt=\"Understanding Workers Compensation Costs in Florida: A Business Guide\">Comprensi\u00f3n de los costos de compensaci\u00f3n laboral en Florida: una gu\u00eda para empresas<\/a><\/div><\/div><\/div><\/div>","protected":false},"excerpt":{"rendered":"<p>Aclarando todo lo relacionado con los seguros<\/p>","protected":false},"author":1,"featured_media":1660,"parent":0,"menu_order":0,"comment_status":"closed","ping_status":"closed","template":"","meta":{"_coblocks_attr":"","_coblocks_dimensions":"","_coblocks_responsive_height":"","_coblocks_accordion_ie_support":"","hide_page_title":"","footnotes":""},"class_list":["post-1238","page","type-page","status-publish","has-post-thumbnail","hentry"],"_links":{"self":[{"href":"https:\/\/suninsuranceservices.com\/es\/wp-json\/wp\/v2\/pages\/1238","targetHints":{"allow":["GET"]}}],"collection":[{"href":"https:\/\/suninsuranceservices.com\/es\/wp-json\/wp\/v2\/pages"}],"about":[{"href":"https:\/\/suninsuranceservices.com\/es\/wp-json\/wp\/v2\/types\/page"}],"author":[{"embeddable":true,"href":"https:\/\/suninsuranceservices.com\/es\/wp-json\/wp\/v2\/users\/1"}],"replies":[{"embeddable":true,"href":"https:\/\/suninsuranceservices.com\/es\/wp-json\/wp\/v2\/comments?post=1238"}],"version-history":[{"count":9,"href":"https:\/\/suninsuranceservices.com\/es\/wp-json\/wp\/v2\/pages\/1238\/revisions"}],"predecessor-version":[{"id":2072,"href":"https:\/\/suninsuranceservices.com\/es\/wp-json\/wp\/v2\/pages\/1238\/revisions\/2072"}],"wp:featuredmedia":[{"embeddable":true,"href":"https:\/\/suninsuranceservices.com\/es\/wp-json\/wp\/v2\/media\/1660"}],"wp:attachment":[{"href":"https:\/\/suninsuranceservices.com\/es\/wp-json\/wp\/v2\/media?parent=1238"}],"curies":[{"name":"wp","href":"https:\/\/api.w.org\/{rel}","templated":true}]}}