{"id":234,"date":"2025-03-16T16:12:10","date_gmt":"2025-03-16T16:12:10","guid":{"rendered":"https:\/\/suninsuranceservices.com\/?page_id=234"},"modified":"2025-09-02T00:14:30","modified_gmt":"2025-09-02T00:14:30","slug":"employment","status":"publish","type":"page","link":"https:\/\/suninsuranceservices.com\/es\/employment\/","title":{"rendered":"Employment"},"content":{"rendered":"<p><strong>Servicios de seguros Sun<\/strong>, una agencia de seguros l\u00edder en&nbsp;<em>Orlando, Florida<\/em>, est\u00e1 buscando un agente de seguros de ventas y servicios altamente motivado que quiera unirse a una empresa que aporta t\u00e9cnicas e ideas de ventas y marketing j\u00f3venes y frescas a una de las industrias m\u00e1s antiguas y respetadas del pa\u00eds.<\/p>\n\n\n\n<p>El puesto actualmente disponible es para una persona orientada a resultados que se esforzar\u00e1 por llegar a una nueva generaci\u00f3n de clientes.<\/p>\n\n\n\n<p>Buscamos empleados motivados, agresivos y completos para vender y brindar servicio a clientes de seguros personales y comerciales.<br>Debe demostrar la capacidad de establecer contactos, interactuar con, venderles y brindarles servicio a los clientes de seguros.<\/p>\n\n\n\n<h2 class=\"wp-block-heading\">Beneficios para los empleados:<\/h2>\n\n\n\n<ul class=\"wp-block-list\">\n<li>Planes m\u00e9dicos grupales: la parte del empleado se paga en su totalidad<\/li>\n\n\n\n<li>Plan dental<\/li>\n\n\n\n<li>Plan de visi\u00f3n<\/li>\n\n\n\n<li>Seguro de discapacidad<\/li>\n\n\n\n<li>Seguro de vida\/AD&amp;D<\/li>\n\n\n\n<li>401K<\/li>\n\n\n\n<li>Fiestas nacionales<\/li>\n\n\n\n<li>Vacaciones y tiempo libre remunerado<\/li>\n\n\n\n<li>Deber de jurado<\/li>\n\n\n\n<li>Cursos gratuitos de educaci\u00f3n continua<\/li>\n<\/ul>\n\n\n\n<h2 class=\"wp-block-heading\">Productor de seguros de l\u00edneas personales:<\/h2>\n\n\n\n<p>Productor de l\u00edneas personales con licencia y experiencia en una agencia independiente en Orlando.<\/p>\n\n\n\n<h3 class=\"wp-block-heading\">Responsabilidades<\/h3>\n\n\n\n<ul class=\"wp-block-list\">\n<li>Construye una red de fuentes de referencia, incluidos agentes inmobiliarios, agentes hipotecarios, compa\u00f1\u00edas de t\u00edtulos y otros.<\/li>\n\n\n\n<li>Redacta nuevas p\u00f3lizas de seguro de autom\u00f3vil, vivienda, inundaciones y paraguas.<\/li>\n\n\n\n<li>Trabaja con los transportistas para resolver problemas de suscripci\u00f3n.<\/li>\n\n\n\n<li>Comprende los requisitos de suscripci\u00f3n del transportista<\/li>\n\n\n\n<li>Trabaja con clientes durante todo el a\u00f1o para aumentar la retenci\u00f3n de clientes.<\/li>\n<\/ul>\n\n\n\n<h3 class=\"wp-block-heading\">Requisitos<\/h3>\n\n\n\n<ul class=\"wp-block-list\">\n<li>Licencia de P&amp;C v\u00e1lida 2-20<\/li>\n\n\n\n<li>Experiencia trabajando con clientes de l\u00edneas personales<\/li>\n\n\n\n<li>Tener conocimientos inform\u00e1ticos existentes y la capacidad de aprender nuevos programas r\u00e1pidamente y resolver problemas tecnol\u00f3gicos de forma independiente.<\/li>\n\n\n\n<li>Al menos tres a\u00f1os de experiencia en l\u00edneas personales<\/li>\n\n\n\n<li>Se requiere diploma de escuela secundaria, se prefiere licenciatura.<\/li>\n<\/ul>\n\n\n\n<h2 class=\"wp-block-heading\">RSE de seguros comerciales:<\/h2>\n\n\n\n<p>Se necesita un representante de servicio al cliente con licencia y experiencia para apoyar a un productor de l\u00edneas comerciales en una agencia independiente en Orlando.<\/p>\n\n\n\n<h3 class=\"wp-block-heading\">Responsabilidades<\/h3>\n\n\n\n<ul class=\"wp-block-list\">\n<li>Trabaja con el gerente de cuentas para procesar nuevos negocios y preparar paquetes de renovaci\u00f3n.<\/li>\n\n\n\n<li>Gestiona la facturaci\u00f3n y los pagos de p\u00f3lizas nuevas y renovaciones.<\/li>\n\n\n\n<li>Trabaja con los transportistas para resolver problemas de suscripci\u00f3n.<\/li>\n\n\n\n<li>Comprende los requisitos de suscripci\u00f3n del transportista<\/li>\n\n\n\n<li>Trabaja con clientes durante todo el a\u00f1o para aumentar la retenci\u00f3n de clientes.<\/li>\n<\/ul>\n\n\n\n<h3 class=\"wp-block-heading\">Requisitos<\/h3>\n\n\n\n<ul class=\"wp-block-list\">\n<li>Licencia de seguros de propiedad y accidentes v\u00e1lida<\/li>\n\n\n\n<li>Experiencia trabajando con empresas de todos los tama\u00f1os.<\/li>\n\n\n\n<li>Tener conocimientos inform\u00e1ticos existentes y la capacidad de aprender nuevos programas r\u00e1pidamente y resolver problemas tecnol\u00f3gicos de forma independiente.<\/li>\n\n\n\n<li>Al menos tres a\u00f1os de experiencia en l\u00edneas comerciales.<\/li>\n\n\n\n<li>Se requiere diploma de escuela secundaria, se prefiere licenciatura.<\/li>\n<\/ul>\n\n\n\n<h3 class=\"wp-block-heading\"><a href=\"mailto:career@suninsuranceservices.com\">\u00a1Env\u00edanos tu curr\u00edculum por correo electr\u00f3nico!<\/a><\/h3>","protected":false},"excerpt":{"rendered":"<p>Sun Insurance Services, a leading insurance agency in&nbsp;Orlando, FL, is seeking a highly motivated sales &amp; service insurance agent who wants to join a company that brings young, fresh, sales and marketing techniques and ideas to one of the country&#8217;s oldest and most respected industries. The position currently available is for a results-oriented individual who&hellip; <a class=\"continue\" href=\"https:\/\/suninsuranceservices.com\/es\/employment\/\">Continuar leyendo<span> Employment<\/span><\/a><\/p>","protected":false},"author":1,"featured_media":0,"parent":0,"menu_order":0,"comment_status":"closed","ping_status":"closed","template":"","meta":{"_coblocks_attr":"","_coblocks_dimensions":"","_coblocks_responsive_height":"","_coblocks_accordion_ie_support":"","hide_page_title":"","footnotes":""},"class_list":["post-234","page","type-page","status-publish","hentry"],"_links":{"self":[{"href":"https:\/\/suninsuranceservices.com\/es\/wp-json\/wp\/v2\/pages\/234","targetHints":{"allow":["GET"]}}],"collection":[{"href":"https:\/\/suninsuranceservices.com\/es\/wp-json\/wp\/v2\/pages"}],"about":[{"href":"https:\/\/suninsuranceservices.com\/es\/wp-json\/wp\/v2\/types\/page"}],"author":[{"embeddable":true,"href":"https:\/\/suninsuranceservices.com\/es\/wp-json\/wp\/v2\/users\/1"}],"replies":[{"embeddable":true,"href":"https:\/\/suninsuranceservices.com\/es\/wp-json\/wp\/v2\/comments?post=234"}],"version-history":[{"count":5,"href":"https:\/\/suninsuranceservices.com\/es\/wp-json\/wp\/v2\/pages\/234\/revisions"}],"predecessor-version":[{"id":1037,"href":"https:\/\/suninsuranceservices.com\/es\/wp-json\/wp\/v2\/pages\/234\/revisions\/1037"}],"wp:attachment":[{"href":"https:\/\/suninsuranceservices.com\/es\/wp-json\/wp\/v2\/media?parent=234"}],"curies":[{"name":"wp","href":"https:\/\/api.w.org\/{rel}","templated":true}]}}