{"id":245,"date":"2025-03-17T14:55:03","date_gmt":"2025-03-17T14:55:03","guid":{"rendered":"https:\/\/suninsuranceservices.com\/?page_id=245"},"modified":"2025-09-02T00:19:03","modified_gmt":"2025-09-02T00:19:03","slug":"florida-insurance-carriers","status":"publish","type":"page","link":"https:\/\/suninsuranceservices.com\/es\/florida-insurance-carriers\/","title":{"rendered":"Carrier Partners"},"content":{"rendered":"<p>A continuaci\u00f3n, encontrar\u00e1 una lista de nuestras aseguradoras asociadas. Para facturaci\u00f3n, reclamaciones, directrices de suscripci\u00f3n o acceso al portal, comun\u00edquese con nuestra oficina o visite directamente el sitio web de la aseguradora. Algunas aseguradoras pueden operar con diferentes nombres o subsidiarias seg\u00fan la l\u00ednea de productos.<\/p>\n\n\n\n<ul class=\"wp-block-list is-style-default\">\n<li><strong>AAA<\/strong><br>Servicio al cliente: (800) 222-4357<br>Reclamaciones: (800) 723-0220<br><a href=\"https:\/\/www.aaa.com\/\" target=\"_blank\">Visita el sitio web<\/a><\/li>\n\n\n\n<li><strong>American Integrity Insurance<\/strong><br>Servicio al cliente: (866) 968-8390<br>Reclamaciones: (866) 277-9871<br><a href=\"https:\/\/www.aiicfl.com\/\" target=\"_blank\">Visita el sitio web<\/a><\/li>\n\n\n\n<li><strong>Seguros Estrat\u00e9gicos Americanos (ASI)<\/strong><br>Servicio al cliente: (866) 274-8765<br>Reclamaciones: (866) 274-5677<br><a href=\"https:\/\/www.americanstrategic.com\/\" target=\"_blank\">Visita el sitio web<\/a><\/li>\n\n\n\n<li><strong>Compa\u00f1\u00eda de seguros American Traditions<\/strong><br>Servicio al cliente: (866) 561-3433<br>Reclamaciones: (866) 270-8430<br><a href=\"https:\/\/www.americantraditionsinsurance.com\/\" target=\"_blank\">Visita el sitio web<\/a><\/li>\n\n\n\n<li><strong>AmTrust Financial<\/strong><br>Servicio al cliente: (877) 528-7878<br>Reclamaciones: (888) 239-3909<br><a href=\"https:\/\/amtrustfinancial.com\/\" target=\"_blank\">Visita el sitio web<\/a><\/li>\n\n\n\n<li><strong>Grupo de seguros bancarios<\/strong><br>Servicio al cliente: (800) 627-0000<br>Reclamaciones: (800) 765-9700<br><a href=\"https:\/\/www.bankersinsurance.com\/\" target=\"_blank\">Visita el sitio web<\/a><\/li>\n\n\n\n<li><strong>Grupo de seguros para constructores<\/strong><br>Servicio al cliente: (800) 883-9305<br>Reclamaciones: (800) 883-9305<br><a href=\"https:\/\/www.bldrs.com\/\" target=\"_blank\">Visita el sitio web<\/a><\/li>\n\n\n\n<li><strong>Cachero<\/strong><br>Servicio al cliente: (866) 324-8222<br>Reclamaciones: (800) 252-4670<br><a href=\"https:\/\/www.chubb.com\/\" target=\"_blank\">Visita el sitio web<\/a><\/li>\n\n\n\n<li><strong>Corporaci\u00f3n de seguros de propiedad de Citizens<\/strong><br>Servicio al cliente: (866) 411-2742<br>Reclamaciones: (866) 411-2742<br><a href=\"https:\/\/www.citizensfla.com\/\" target=\"_blank\">Visita el sitio web<\/a><\/li>\n\n\n\n<li><strong>Compa\u00f1\u00eda de seguros de propiedad y accidentes Cypress<\/strong><br>Servicio al cliente: (888) 352-9773<br>Reclamaciones: (888) 352-9773<br><a href=\"https:\/\/www.cypressig.com\/\" target=\"_blank\">Visita el sitio web<\/a><\/li>\n\n\n\n<li><strong>Compa\u00f1\u00eda de seguros Edison<\/strong><br>Servicio al cliente: (866) 568-8922<br>Reclamaciones: (888) 683-7971<br><a href=\"https:\/\/www.edisoninsurance.com\/\" target=\"_blank\">Visita el sitio web<\/a><\/li>\n\n\n\n<li><strong>EMPLEADORES<\/strong><br>Servicio al cliente: (888) 682-6671<br>Reclamaciones: (866) 563-2757<br><a href=\"https:\/\/www.employers.com\/\" target=\"_blank\">Visita el sitio web<\/a><\/li>\n\n\n\n<li><strong>Compa\u00f1\u00eda de seguros de la pen\u00ednsula de Florida<\/strong><br>Servicio al cliente: (877) 229-2244<br>Reclamaciones: (877) 994-8368<br><a href=\"https:\/\/www.floridapeninsula.com\/\" target=\"_blank\">Visita el sitio web<\/a><\/li>\n\n\n\n<li><strong>Seguros Foremost<\/strong><br>Servicio al cliente: (800) 527-3905<br>Reclamaciones: (800) 527-3907<br><a href=\"https:\/\/www.foremost.com\/\" target=\"_blank\">Visita el sitio web<\/a><\/li>\n\n\n\n<li><strong>Seguros GeoVera<\/strong><br>Servicio al cliente: (800) 324-6020<br>Reclamaciones: (877) 642-1815<br><a href=\"https:\/\/www.mygeovera.com\/\" target=\"_blank\">Visita el sitio web<\/a><\/li>\n\n\n\n<li><strong>Seguros Hagerty<\/strong><br>Servicio al cliente: (800) 922-4050<br>Reclamaciones: (800) 385-0274<br><a href=\"https:\/\/www.hagerty.com\/\" target=\"_blank\">Visita el sitio web<\/a><\/li>\n\n\n\n<li><strong>Elecci\u00f3n de los propietarios de viviendas<\/strong><br>Servicio al cliente: (888) 210-5235<br>Reclamaciones: (866) 324-3138<br><a href=\"https:\/\/hcpci.com\/\" target=\"_blank\">Visita el sitio web<\/a><\/li>\n\n\n\n<li><strong>IB Verde<\/strong><br>Servicio al cliente: (407) 295-5755<br>Reclamaciones: (407) 295-5755<br><a href=\"https:\/\/ibgreen.com\/\" target=\"_blank\">Visita el sitio web<\/a><\/li>\n\n\n\n<li><strong>Seguro de auto Infinity<\/strong><br>Servicio al cliente: (800) 782-1020<br>Reclamaciones: (800) 334-1661<br><a href=\"https:\/\/www.infinityauto.com\/\" target=\"_blank\">Visita el sitio web<\/a><\/li>\n\n\n\n<li><strong>Seguros Kemper<\/strong><br>Servicio al cliente: (866) 675-3345<br>Reclamaciones: (888) 252-2799<br><a href=\"https:\/\/www.kemper.com\/\" target=\"_blank\">Visita el sitio web<\/a><\/li>\n<\/ul>","protected":false},"excerpt":{"rendered":"<p>A continuaci\u00f3n, encontrar\u00e1 una lista de nuestras aseguradoras asociadas. Para facturaci\u00f3n, reclamaciones, directrices de suscripci\u00f3n o acceso al portal, comun\u00edquese con nuestra oficina o visite directamente el sitio web de la aseguradora. Algunas aseguradoras pueden operar con diferentes nombres o subsidiarias seg\u00fan la l\u00ednea de productos.<\/p>","protected":false},"author":1,"featured_media":0,"parent":0,"menu_order":0,"comment_status":"closed","ping_status":"closed","template":"","meta":{"_coblocks_attr":"","_coblocks_dimensions":"","_coblocks_responsive_height":"","_coblocks_accordion_ie_support":"","hide_page_title":"enabled","footnotes":""},"class_list":["post-245","page","type-page","status-publish","hentry"],"_links":{"self":[{"href":"https:\/\/suninsuranceservices.com\/es\/wp-json\/wp\/v2\/pages\/245","targetHints":{"allow":["GET"]}}],"collection":[{"href":"https:\/\/suninsuranceservices.com\/es\/wp-json\/wp\/v2\/pages"}],"about":[{"href":"https:\/\/suninsuranceservices.com\/es\/wp-json\/wp\/v2\/types\/page"}],"author":[{"embeddable":true,"href":"https:\/\/suninsuranceservices.com\/es\/wp-json\/wp\/v2\/users\/1"}],"replies":[{"embeddable":true,"href":"https:\/\/suninsuranceservices.com\/es\/wp-json\/wp\/v2\/comments?post=245"}],"version-history":[{"count":9,"href":"https:\/\/suninsuranceservices.com\/es\/wp-json\/wp\/v2\/pages\/245\/revisions"}],"predecessor-version":[{"id":892,"href":"https:\/\/suninsuranceservices.com\/es\/wp-json\/wp\/v2\/pages\/245\/revisions\/892"}],"wp:attachment":[{"href":"https:\/\/suninsuranceservices.com\/es\/wp-json\/wp\/v2\/media?parent=245"}],"curies":[{"name":"wp","href":"https:\/\/api.w.org\/{rel}","templated":true}]}}