{"id":250,"date":"2025-03-17T15:10:52","date_gmt":"2025-03-17T15:10:52","guid":{"rendered":"https:\/\/suninsuranceservices.com\/?page_id=250"},"modified":"2026-04-06T16:08:59","modified_gmt":"2026-04-06T20:08:59","slug":"404-2","status":"publish","type":"page","link":"https:\/\/suninsuranceservices.com\/es\/404-2\/","title":{"rendered":"404"},"content":{"rendered":"<div class=\"wp-block-cover alignfull\" style=\"min-height:126px;aspect-ratio:unset;\"><img loading=\"lazy\" decoding=\"async\" width=\"2160\" height=\"1440\" class=\"wp-block-cover__image-background wp-image-252\" alt=\"\" src=\"https:\/\/suninsuranceservices.com\/wp-content\/uploads\/2025\/03\/qtq80-eqnz5o.jpeg\" data-object-fit=\"cover\" srcset=\"https:\/\/suninsuranceservices.com\/wp-content\/uploads\/2025\/03\/qtq80-eqnz5o.jpeg 2160w, https:\/\/suninsuranceservices.com\/wp-content\/uploads\/2025\/03\/qtq80-eqnz5o-300x200.jpeg 300w, https:\/\/suninsuranceservices.com\/wp-content\/uploads\/2025\/03\/qtq80-eqnz5o-1024x683.jpeg 1024w, https:\/\/suninsuranceservices.com\/wp-content\/uploads\/2025\/03\/qtq80-eqnz5o-768x512.jpeg 768w, https:\/\/suninsuranceservices.com\/wp-content\/uploads\/2025\/03\/qtq80-eqnz5o-1536x1024.jpeg 1536w, https:\/\/suninsuranceservices.com\/wp-content\/uploads\/2025\/03\/qtq80-eqnz5o-2048x1365.jpeg 2048w, https:\/\/suninsuranceservices.com\/wp-content\/uploads\/2025\/03\/qtq80-eqnz5o-18x12.jpeg 18w\" sizes=\"auto, (max-width: 2160px) 100vw, 2160px\" \/><span aria-hidden=\"true\" class=\"wp-block-cover__background has-background-dim\" style=\"background-color:#666c72\"><\/span><div class=\"wp-block-cover__inner-container is-layout-constrained wp-block-cover-is-layout-constrained\">\n<p class=\"has-text-align-center has-large-font-size\">Esta p\u00e1gina se esconde en las nubes\u2026<\/p>\n<\/div><\/div>\n\n\n\n<p>No pudimos encontrar esa p\u00e1gina, \u00a1pero a\u00fan podemos ayudarte! Obt\u00e9n una cotizaci\u00f3n r\u00e1pida o ll\u00e1manos\/env\u00edanos un mensaje de texto al <a href=\"tel:4077811600\">(407)781-1600<\/a>.<\/p>\n\n\n\n<div style=\"text-align:center;margin:25px 0;\">\n  <a href=\"https:\/\/suninsuranceservices.com\/es\/quote\/\" style=\"background:#f4a51c;color:#fff;padding:14px 28px;text-decoration:none;border-radius:6px;font-weight:bold;display:inline-block;\">\n    Obtenga una cotizaci\u00f3n\n  <\/a>\n<\/div>","protected":false},"excerpt":{"rendered":"<p>We couldn\u2019t find that page, but we can still help! Get a fast quote or call\/text us at (407)781-1600. Get a Quote<\/p>","protected":false},"author":1,"featured_media":0,"parent":0,"menu_order":0,"comment_status":"closed","ping_status":"closed","template":"","meta":{"_coblocks_attr":"","_coblocks_dimensions":"","_coblocks_responsive_height":"","_coblocks_accordion_ie_support":"","hide_page_title":"enabled","footnotes":""},"class_list":["post-250","page","type-page","status-publish","hentry"],"_links":{"self":[{"href":"https:\/\/suninsuranceservices.com\/es\/wp-json\/wp\/v2\/pages\/250","targetHints":{"allow":["GET"]}}],"collection":[{"href":"https:\/\/suninsuranceservices.com\/es\/wp-json\/wp\/v2\/pages"}],"about":[{"href":"https:\/\/suninsuranceservices.com\/es\/wp-json\/wp\/v2\/types\/page"}],"author":[{"embeddable":true,"href":"https:\/\/suninsuranceservices.com\/es\/wp-json\/wp\/v2\/users\/1"}],"replies":[{"embeddable":true,"href":"https:\/\/suninsuranceservices.com\/es\/wp-json\/wp\/v2\/comments?post=250"}],"version-history":[{"count":10,"href":"https:\/\/suninsuranceservices.com\/es\/wp-json\/wp\/v2\/pages\/250\/revisions"}],"predecessor-version":[{"id":3065,"href":"https:\/\/suninsuranceservices.com\/es\/wp-json\/wp\/v2\/pages\/250\/revisions\/3065"}],"wp:attachment":[{"href":"https:\/\/suninsuranceservices.com\/es\/wp-json\/wp\/v2\/media?parent=250"}],"curies":[{"name":"wp","href":"https:\/\/api.w.org\/{rel}","templated":true}]}}