{"id":284,"date":"2025-03-17T19:11:22","date_gmt":"2025-03-17T19:11:22","guid":{"rendered":"https:\/\/suninsuranceservices.com\/?page_id=284"},"modified":"2025-09-02T00:12:04","modified_gmt":"2025-09-02T00:12:04","slug":"client-login","status":"publish","type":"page","link":"https:\/\/suninsuranceservices.com\/es\/client-login\/","title":{"rendered":"Inicio de sesi\u00f3n del cliente"},"content":{"rendered":"<p class=\"has-text-align-center\"><strong><mark style=\"background-color:rgba(0, 0, 0, 0)\" class=\"has-inline-color has-primary-color\">Inicie sesi\u00f3n para acceder las 24 horas, los 7 d\u00edas de la semana, a sus documentos de p\u00f3liza y tarjetas de identificaci\u00f3n.<\/mark><\/strong><\/p>\n\n\n<div style=\"width: 100%; max-width: 1400px; margin: auto; overflow: hidden; text-align: center;\"><iframe style=\"width: 100%; height: 1200px; border: none; overflow: hidden;\" title=\"Portal de inicio de sesi\u00f3n del cliente\" src=\"https:\/\/customer.insuranceagentapp.com\/?tracking_id=3ae0fad5-a8f9-4494-819d-88689046bab4\" scrolling=\"no\" allowfullscreen=\"allowfullscreen\"><br \/>\n  <\/iframe><\/div>","protected":false},"excerpt":{"rendered":"<p>Inicie sesi\u00f3n para acceder las 24 horas, los 7 d\u00edas de la semana, a sus documentos de p\u00f3liza y tarjetas de identificaci\u00f3n.<\/p>","protected":false},"author":1,"featured_media":0,"parent":0,"menu_order":0,"comment_status":"closed","ping_status":"closed","template":"","meta":{"_coblocks_attr":"","_coblocks_dimensions":"","_coblocks_responsive_height":"","_coblocks_accordion_ie_support":"","hide_page_title":"enabled","footnotes":""},"class_list":["post-284","page","type-page","status-publish","hentry"],"_links":{"self":[{"href":"https:\/\/suninsuranceservices.com\/es\/wp-json\/wp\/v2\/pages\/284","targetHints":{"allow":["GET"]}}],"collection":[{"href":"https:\/\/suninsuranceservices.com\/es\/wp-json\/wp\/v2\/pages"}],"about":[{"href":"https:\/\/suninsuranceservices.com\/es\/wp-json\/wp\/v2\/types\/page"}],"author":[{"embeddable":true,"href":"https:\/\/suninsuranceservices.com\/es\/wp-json\/wp\/v2\/users\/1"}],"replies":[{"embeddable":true,"href":"https:\/\/suninsuranceservices.com\/es\/wp-json\/wp\/v2\/comments?post=284"}],"version-history":[{"count":29,"href":"https:\/\/suninsuranceservices.com\/es\/wp-json\/wp\/v2\/pages\/284\/revisions"}],"predecessor-version":[{"id":874,"href":"https:\/\/suninsuranceservices.com\/es\/wp-json\/wp\/v2\/pages\/284\/revisions\/874"}],"wp:attachment":[{"href":"https:\/\/suninsuranceservices.com\/es\/wp-json\/wp\/v2\/media?parent=284"}],"curies":[{"name":"wp","href":"https:\/\/api.w.org\/{rel}","templated":true}]}}