{"id":58,"date":"2025-03-10T19:30:29","date_gmt":"2025-03-10T19:30:29","guid":{"rendered":"https:\/\/suninsuranceservices.com\/faq-page\/"},"modified":"2025-09-22T16:20:31","modified_gmt":"2025-09-22T16:20:31","slug":"insurance-faq","status":"publish","type":"page","link":"https:\/\/suninsuranceservices.com\/es\/insurance-faq\/","title":{"rendered":"Preguntas frecuentes"},"content":{"rendered":"<div class=\"wp-block-columns alignwide is-layout-flex wp-container-core-columns-is-layout-9d6595d7 wp-block-columns-is-layout-flex\" style=\"gap:2rem;align-items:flex-start;\">\n  \n\n<div class=\"wp-block-column is-layout-flow wp-block-column-is-layout-flow\" style=\"flex-basis:30%;\">\n    \n\n<figure class=\"wp-block-image size-large\">\n      <img decoding=\"async\" src=\"https:\/\/suninsuranceservices.com\/wp-content\/uploads\/2025\/03\/qtq70fmfjpeg-40-1024x1024.jpg\" alt=\"Sun Insurance Services\" class=\"wp-image-44\" style=\"aspect-ratio:3\/4;object-fit:cover;border-radius:12px;box-shadow:0 4px 15px rgba(0,0,0,0.1);\" \/>\n    <\/figure>\n\n<\/div>\n\n  \n\n<div class=\"wp-block-column is-layout-flow wp-block-column-is-layout-flow\" style=\"flex-basis:70%;\">\n    \n\n<div class=\"wp-block-group mt-0\" style=\"padding-bottom:0;\"><div class=\"wp-block-group__inner-container is-layout-constrained wp-block-group-is-layout-constrained\">\n      <!-- Page Heading -->\n      \n\n<h2 class=\"wp-block-heading wp-block-coblocks-faq__heading\" style=\"margin-bottom:1.5rem;\">Preguntas frecuentes sobre seguros: respuestas \u00fatiles de Sun Insurance Services<\/h2>\n\n      <!-- Helpful Intro -->\n      \n\n<p style=\"margin-bottom:2rem;\">A continuaci\u00f3n, encontrar\u00e1 respuestas a nuestras preguntas m\u00e1s frecuentes sobre seguros. Ya sea que busque un seguro de hogar, auto, negocio o vida, estas preguntas frecuentes le ayudar\u00e1n a encontrar la cobertura adecuada. Haga clic en una pregunta para ampliar la respuesta.<\/p>\n\n      <!-- FAQ Container -->\n      \n\n<div class=\"faq-container is-layout-flow wp-block-group-is-layout-flow\" style=\"border-radius:8px;box-shadow:0 1px 6px rgba(0,0,0,0.05);\"><div class=\"wp-block-group__inner-container\">\n        <!-- BEGIN FAQ CONTENT -->\n        <!-- Independent Agent Benefit -->\n        <details class=\"wp-block-coblocks-faq-item\" itemprop=\"mainEntity\" itemscope itemtype=\"https:\/\/schema.org\/Question\">\n          <summary itemprop=\"name\"><div>\u00bfPor qu\u00e9 elegir un agente de seguros independiente en lugar de una sola compa\u00f1\u00eda?<\/div><\/summary>\n          <div itemprop=\"acceptedAnswer\" itemscope itemtype=\"https:\/\/schema.org\/Answer\">\n            <div itemprop=\"text\">\n              <p>Agentes independientes, como Sun Insurance Services, trabajan con m\u00faltiples aseguradoras con excelente reputaci\u00f3n. Esto significa que usted obtiene:<\/p>\n              <ul>\n                <li>Tarifas competitivas de varios operadores<\/li>\n                <li>Opciones de cobertura dise\u00f1adas seg\u00fan sus necesidades<\/li>\n                <li>Orientaci\u00f3n centrada en tus intereses<\/li>\n              <\/ul>\n              <p><strong>Consejo:<\/strong> Cont\u00e1ctenos hoy para obtener una cotizaci\u00f3n comparativa gratuita y ver cu\u00e1nto podr\u00eda ahorrar.<\/p>\n            <\/div>\n          <\/div>\n        <\/details>\n        <!-- Insurance Application Questions -->\n        <details class=\"wp-block-coblocks-faq-item\">\n          <summary><div>\u00bfQu\u00e9 informaci\u00f3n necesitar\u00e9 al solicitar un seguro?<\/div><\/summary>\n          <div>\n            <p>Las compa\u00f1\u00edas de seguros solicitan informaci\u00f3n personal y relacionada con el riesgo para determinar su cobertura y prima. Para el seguro de auto, es probable que proporcionen:<\/p>\n            <ul>\n              <li>Nombre completo, direcci\u00f3n, edad e informaci\u00f3n de contacto<\/li>\n              <li>Historial de conducci\u00f3n (accidentes, multas)<\/li>\n              <li>Detalles del veh\u00edculo (a\u00f1o, marca, modelo)<\/li>\n              <li>Kilometraje anual y uso principal<\/li>\n            <\/ul>\n            <p><strong>\u00bfPor qu\u00e9 tanto detalle?<\/strong> Cuanto m\u00e1s precisa sea su informaci\u00f3n, m\u00e1s precisa (y a menudo m\u00e1s baja) ser\u00e1 su cotizaci\u00f3n.<\/p>\n          <\/div>\n        <\/details>\n        <!-- Old Car Insurance -->\n        <details class=\"wp-block-coblocks-faq-item\">\n          <summary><div>\u00bfNecesito cobertura total para un autom\u00f3vil antiguo y de bajo valor?<\/div><\/summary>\n          <div>\n            <p>La mayor\u00eda de los estados exigen al menos una cobertura de responsabilidad civil, independientemente del valor de su veh\u00edculo. Sin embargo, si el costo de la reparaci\u00f3n de su veh\u00edculo supera su valor de mercado, la cobertura completa podr\u00eda no ser rentable.<\/p>\n            <p><strong>Nuestro consejo:<\/strong> Perm\u00edtanos revisar su p\u00f3liza para ver si la cobertura de solo responsabilidad podr\u00eda ahorrarle dinero y, al mismo tiempo, mantenerlo legal y protegido.<\/p>\n          <\/div>\n        <\/details>\n        <!-- Cost Factors -->\n        <details class=\"wp-block-coblocks-faq-item\">\n          <summary><div>\u00bfQu\u00e9 determina la prima de mi seguro de autom\u00f3vil?<\/div><\/summary>\n          <div>\n            <p>Los factores clave incluyen:<\/p>\n            <ul>\n              <li>Historial de conducci\u00f3n<\/li>\n              <li>Tipo de veh\u00edculo y caracter\u00edsticas de seguridad<\/li>\n              <li>D\u00f3nde est\u00e1 aparcado tu coche<\/li>\n              <li>Kilometraje anual<\/li>\n            <\/ul>\n            <p><strong>Consejo:<\/strong> Conducir con seguridad, combinar p\u00f3lizas y mantener un historial limpio pueden reducir sus tarifas.<\/p>\n          <\/div>\n        <\/details>\n        <!-- Collision vs Comprehensive -->\n        <details class=\"wp-block-coblocks-faq-item\">\n          <summary><div>Colisi\u00f3n vs. cobertura integral: \u00bfcu\u00e1l es la diferencia?<\/div><\/summary>\n          <div>\n            <p><strong>Cobertura de colisi\u00f3n:<\/strong> Paga por los da\u00f1os a su auto causados por accidentes con otro veh\u00edculo u objeto.<\/p>\n            <p><strong>Cobertura integral:<\/strong> Cubre da\u00f1os que no sean por colisi\u00f3n, como robo, incendio, granizo o vandalismo.<\/p>\n            <p>Muchos conductores llevan ambos a menos que el valor del veh\u00edculo sea demasiado bajo para justificar el costo.<\/p>\n          <\/div>\n        <\/details>\n        <!-- Rental Car -->\n        <details class=\"wp-block-coblocks-faq-item\">\n          <summary><div>\u00bfMi seguro cubre los coches de alquiler?<\/div><\/summary>\n          <div>\n            <p>Suele ser as\u00ed, pero la cobertura var\u00eda. Muchas p\u00f3lizas incluyen la cobertura de responsabilidad civil y da\u00f1os f\u00edsicos a los veh\u00edculos de alquiler. Sin embargo, es posible que no se incluyan los cargos por p\u00e9rdida de uso.<\/p>\n            <p><strong>Consejo profesional:<\/strong> Consulte su p\u00f3liza de autom\u00f3vil y los beneficios de su tarjeta de cr\u00e9dito antes de pagar extra en el mostrador de alquiler.<\/p>\n          <\/div>\n        <\/details>\n        <!-- Filing a Claim -->\n        <details class=\"wp-block-coblocks-faq-item\">\n          <summary><div>\u00bfC\u00f3mo presentar una reclamaci\u00f3n de seguro r\u00e1pidamente?<\/div><\/summary>\n          <div>\n            <p>Puede presentar su solicitud directamente con su compa\u00f1\u00eda de seguros, utilice nuestro sitio web <a href=\"https:\/\/suninsuranceservices.com\/es\/insurance-claims\/\">formulario de reclamaciones<\/a>, O llame a nuestra oficina para obtener ayuda. Le guiaremos en cada paso para garantizar que su reclamo se procese de manera r\u00e1pida y justa.<\/p>\n          <\/div>\n        <\/details>\n        <!-- Homeowners Coverage -->\n        <details class=\"wp-block-coblocks-faq-item\">\n          <summary><div>\u00bfQu\u00e9 cubre una p\u00f3liza de seguro de vivienda est\u00e1ndar?<\/div><\/summary>\n          <div>\n            <p>La mayor\u00eda de las p\u00f3lizas de vivienda protegen su vivienda, sus pertenencias y su responsabilidad civil. Generalmente incluyen:<\/p>\n            <ul>\n              <li><strong>Cobertura de vivienda<\/strong> \u2013 Repara o reconstruye su hogar despu\u00e9s de un da\u00f1o cubierto.<\/li>\n              <li><strong>Propiedad personal<\/strong> \u2013 Cubre muebles, aparatos electr\u00f3nicos y pertenencias.<\/li>\n              <li><strong>Responsabilidad<\/strong> \u2013 Ayuda con demandas por lesiones o da\u00f1os a la propiedad.<\/li>\n              <li><strong>P\u00e9rdida de uso<\/strong> \u2013 Paga alojamiento temporal si su casa es inhabitable.<\/li>\n            <\/ul>\n            <p>Le recomendamos revisar sus l\u00edmites de cobertura anualmente para asegurarse de que coincidan con sus necesidades.<\/p>\n          <\/div>\n        <\/details>\n        <!-- Lowering Premium -->\n        <details class=\"wp-block-coblocks-faq-item\">\n          <summary><div>\u00bfC\u00f3mo puedo reducir la prima de mi seguro de vivienda?<\/div><\/summary>\n          <div>\n            <p>A continuaci\u00f3n se muestran formas comprobadas de reducir sus costos:<\/p>\n            <ul>\n              <li>Agrupe sus p\u00f3lizas de hogar y autom\u00f3vil<\/li>\n              <li>Instalar sistemas de seguridad y cerraduras de seguridad<\/li>\n              <li>Aumente su deducible<\/li>\n              <li>Mantener un historial libre de reclamaciones<\/li>\n            <\/ul>\n            <p><strong>Consejo:<\/strong> Obtenga una revisi\u00f3n de p\u00f3liza gratuita de nuestra parte para descubrir oportunidades de ahorro.<\/p>\n          <\/div>\n        <\/details>\n        <!-- Natural Disasters -->\n        <details class=\"wp-block-coblocks-faq-item\">\n          <summary><div>\u00bfEst\u00e1n cubiertos los desastres naturales como inundaciones y terremotos?<\/div><\/summary>\n          <div>\n            <p>La mayor\u00eda de las p\u00f3lizas de vivienda cubren da\u00f1os por viento, granizo e incendio, pero excluyen inundaciones y terremotos. Puede adquirir una cobertura por separado contra inundaciones o terremotos para mayor protecci\u00f3n.<\/p>\n            <p><strong>Paso de acci\u00f3n:<\/strong> Cont\u00e1ctenos para evaluar su riesgo y obtener una cotizaci\u00f3n de seguro contra inundaciones\/terremotos.<\/p>\n          <\/div>\n        <\/details>\n        <!-- Condo Insurance -->\n        <details class=\"wp-block-coblocks-faq-item\">\n          <summary><div>\u00bfNecesito un seguro de condominio si mi asociaci\u00f3n de propietarios tiene una p\u00f3liza maestra?<\/div><\/summary>\n          <div>\n            <p>S\u00ed. La p\u00f3liza de su asociaci\u00f3n de propietarios cubre las estructuras compartidas, pero no sus pertenencias, responsabilidad civil ni las mejoras dentro de su unidad. Una p\u00f3liza de condominio cubre estas carencias y le protege de cuotas imprevistas.<\/p>\n          <\/div>\n        <\/details>\n        <!-- Renters Insurance -->\n        <details class=\"wp-block-coblocks-faq-item\">\n          <summary><div>\u00bfPor qu\u00e9 los inquilinos deben tener seguro?<\/div><\/summary>\n          <div>\n            <p>El seguro de inquilinos protege sus pertenencias y ofrece cobertura de responsabilidad civil si alguien se lesiona en su vivienda de alquiler. Es asequible (a menudo menos de $15 al mes) y puede ahorrarle miles de d\u00f3lares tras una p\u00e9rdida.<\/p>\n          <\/div>\n        <\/details>\n        <details class=\"wp-block-coblocks-faq-item\">\n          <summary><div>\u00bfMe cubrir\u00e1 el seguro de inquilinos de mi compa\u00f1ero de cuarto?<\/div><\/summary>\n          <div>\n            <p>No. El seguro de inquilinos cubre al titular de la p\u00f3liza y a sus familiares. Si no figura en la lista, no est\u00e1 cubierto. Recomendamos que cada compa\u00f1ero de piso tenga su propia p\u00f3liza.<\/p>\n          <\/div>\n        <\/details>\n        <!-- Business Insurance -->\n        <details class=\"wp-block-coblocks-faq-item\">\n          <summary><div>\u00bfQu\u00e9 cobertura de seguro necesita mi negocio?<\/div><\/summary>\n          <div>\n            <p>Las necesidades comerciales var\u00edan, pero las coberturas comunes incluyen:<\/p>\n            <ul>\n              <li><strong>Responsabilidad general<\/strong> \u2013 Cubre accidentes y demandas<\/li>\n              <li><strong>Propiedad comercial<\/strong> \u2013 Ayuda a proteger edificios, equipos e inventario.<\/li>\n              <li><strong>Autom\u00f3vil de empresa<\/strong> \u2013 Cubre los veh\u00edculos utilizados para el trabajo<\/li>\n              <li><strong>Responsabilidad profesional<\/strong> \u2013 Ayuda a proteger a las empresas de servicios de demandas por negligencia.<\/li>\n              <li><strong>Interrupci\u00f3n de negocio<\/strong> \u2013 Ayuda a reemplazar los ingresos perdidos despu\u00e9s de un evento cubierto<\/li>\n            <\/ul>\n            <p>Programe una revisi\u00f3n del seguro comercial para confirmar que cuenta con la protecci\u00f3n adecuada.<\/p>\n          <\/div>\n        <\/details>\n        <!-- Boat Insurance -->\n        <details class=\"wp-block-coblocks-faq-item\">\n          <summary><div>\u00bfEst\u00e1 mi embarcaci\u00f3n cubierta por mi p\u00f3liza de hogar o de autom\u00f3vil?<\/div><\/summary>\n          <div>\n            <p>La mayor\u00eda de las p\u00f3lizas de auto y de vivienda ofrecen una cobertura muy limitada para embarcaciones, si es que la tienen. Una p\u00f3liza espec\u00edfica para embarcaciones ofrece una protecci\u00f3n m\u00e1s amplia contra robo, da\u00f1os y responsabilidad civil mientras se navega o se encuentra almacenada.<\/p>\n          <\/div>\n        <\/details>\n        <!-- Life Insurance -->\n        <details class=\"wp-block-coblocks-faq-item\">\n          <summary><div>\u00bfCon qu\u00e9 frecuencia debo revisar mi p\u00f3liza de seguro de vida?<\/div><\/summary>\n          <div>\n            <p>Le recomendamos revisar su seguro de vida anualmente o despu\u00e9s de eventos importantes de la vida, como:<\/p>\n            <ul>\n              <li>Matrimonio o divorcio<\/li>\n              <li>Nacimiento o adopci\u00f3n de un ni\u00f1o<\/li>\n              <li>Comprar una casa<\/li>\n              <li>Cambios significativos en los ingresos<\/li>\n              <li>Cuidar a un ser querido<\/li>\n            <\/ul>\n            <p>Los cambios de vida pueden afectar sus necesidades de cobertura: no espere hasta que sea demasiado tarde.<\/p>\n          <\/div>\n        <\/details>\n        <!-- END FAQ CONTENT -->\n      <\/div><\/div>\n\n      <!-- Call to Action -->\n      \n\n<p class=\"has-text-align-center\" style=\"margin-top:2rem;font-weight:bold;font-size:1.1rem;\">\u00bfNecesitas orientaci\u00f3n sobre seguros? <a href=\"\/es\/contact\/\">Contacte con Sun Insurance Services<\/a> Hoy para una cotizaci\u00f3n gratuita y sin compromiso.<\/p>\n\n    <\/div><\/div>\n\n  <\/div>\n\n<\/div>","protected":false},"excerpt":{"rendered":"<p>Insurance FAQ \u2013 Helpful Answers from Sun Insurance Services Below you\u2019ll find answers to our most common insurance questions. Whether you\u2019re shopping for home, auto, business, or life insurance, these FAQs will help guide you to the right coverage. Click on a question to expand the answer. Why Choose an Independent Insurance Agent Over a&hellip; <a class=\"continue\" href=\"https:\/\/suninsuranceservices.com\/es\/insurance-faq\/\">Continuar leyendo<span> Preguntas frecuentes<\/span><\/a><\/p>","protected":false},"author":1,"featured_media":0,"parent":0,"menu_order":0,"comment_status":"closed","ping_status":"closed","template":"","meta":{"_coblocks_attr":"","_coblocks_dimensions":"","_coblocks_responsive_height":"","_coblocks_accordion_ie_support":"","hide_page_title":"enabled","footnotes":""},"class_list":["post-58","page","type-page","status-publish","hentry"],"_links":{"self":[{"href":"https:\/\/suninsuranceservices.com\/es\/wp-json\/wp\/v2\/pages\/58","targetHints":{"allow":["GET"]}}],"collection":[{"href":"https:\/\/suninsuranceservices.com\/es\/wp-json\/wp\/v2\/pages"}],"about":[{"href":"https:\/\/suninsuranceservices.com\/es\/wp-json\/wp\/v2\/types\/page"}],"author":[{"embeddable":true,"href":"https:\/\/suninsuranceservices.com\/es\/wp-json\/wp\/v2\/users\/1"}],"replies":[{"embeddable":true,"href":"https:\/\/suninsuranceservices.com\/es\/wp-json\/wp\/v2\/comments?post=58"}],"version-history":[{"count":9,"href":"https:\/\/suninsuranceservices.com\/es\/wp-json\/wp\/v2\/pages\/58\/revisions"}],"predecessor-version":[{"id":1264,"href":"https:\/\/suninsuranceservices.com\/es\/wp-json\/wp\/v2\/pages\/58\/revisions\/1264"}],"wp:attachment":[{"href":"https:\/\/suninsuranceservices.com\/es\/wp-json\/wp\/v2\/media?parent=58"}],"curies":[{"name":"wp","href":"https:\/\/api.w.org\/{rel}","templated":true}]}}